{"id":2178,"date":"2025-11-12T17:13:50","date_gmt":"2025-11-12T16:13:50","guid":{"rendered":"https:\/\/www.e-franklin.de\/?page_id=2178"},"modified":"2026-02-19T13:30:02","modified_gmt":"2026-02-19T12:30:02","slug":"imprint-2","status":"publish","type":"page","link":"https:\/\/www.e-franklin.de\/en\/imprint-2\/","title":{"rendered":"Accessibility"},"content":{"rendered":"<div class=\"wpb-content-wrapper\"><p>[vc_section][vc_row el_class=&#8221;grid&#8221;][vc_column][vc_column_text css=&#8221;&#8221; el_class=&#8221;meta-texte&#8221;]<\/p>\n<h3>Accessibility information<\/h3>\n<p>This information applies to the website of GBG Unternehmensgruppe GmbH, in the state in which it will be marketed from 28 June 2025. The website can be accessed at the following domain:<br \/>\ne-franklin.de<\/p>\n<p><strong>General description of the service<\/strong><br \/>\nThe website provides information about the E building on the site of the former US Army area FRANKLIN in Mannheim. The E building is a striking high point that forms a modern, homely refuge with its award-winning architecture (Iconic Award 2025). It offers apartments and townhouses of different sizes with well thought-out floor plans for prospective buyers or tenants. A special feature is the option to rent an apartment first and buy it later (&#8220;rent with option to buy&#8221;).   <\/p>\n<p>The project&#8217;s main offerings are:<\/p>\n<p>\u25cf A large number of ready-to-move-in apartments &#8211; a total of 113 owner-occupied or rental apartments with 1 to 5 rooms and living spaces ranging from approx. 39 m\u00b2 to 150 m\u00b2. There is a choice of classic apartments from the 2nd floor upwards and townhouses in &#8220;town house style&#8221;.<br \/>\n\u25cf Architecture &amp; comfort &#8211; modern floor plans, individual design lines and spacious terraces or balconies ensure comfortable living. The architecture combines tranquillity and dynamism; the sun-exposed terrace apartments offer views over the district and the green surroundings.<br \/>\n\u25cf Extensive fixtures and fittings &#8211; all apartments are ready for immediate occupancy, have underfloor heating, parquet flooring or large-format tiles, floor-to-ceiling triple-glazed windows, elevators and balconies or terraces. There are barrier-free units on the 4th and 9th floors, an underground garage and spacious green areas for communal use.<br \/>\n\u25cf Sustainability &amp; energy efficiency \u2013 the building complies with the KfW 55 standard and uses modern construction methods to ensure low energy consumption.<br \/>\n\u25cf Flexible housing solution \u2013 interested parties can initially rent their dream flat and purchase it later; the website provides contact details for advice and individual housing solutions.<\/p>\n<p>&nbsp;<\/p>\n<p><strong>Information about the manufacturer and supplier<\/strong><br \/>\nGBG Unternehmensgruppe GmbH<br \/>\nLeoniweg 2<br \/>\n68167 Mannheim<br \/>\nGermany<\/p>\n<p>Tel: +49 621-3096-0<br \/>\nE-Mail: mail@gbg-unternehmensgruppe.de<\/p>\n<p>&nbsp;<\/p>\n<p><strong>Requirements, compatibility status and implementation<\/strong><br \/>\nThe website complies with the requirements of the Accessibility Enhancement Act (BFSG).<\/p>\n<p>The following standards and guidelines were applied:<br \/>\n\u25cf Harmonised European Standard (EN) 301 549, Version 3.2.1<br \/>\n\u25cf Web Content Accessibility Guidelines (WCAG), Version 2.2, grades A and AA<\/p>\n<p>We are constantly implementing measures to improve accessibility and the user experience with the website. These include, for example <\/p>\n<p>\u25cf We utilise the consulting services of ALLES + JEDEN, an agency specialising in digital accessibility.<br \/>\n\u25cf The website underwent an independent, external accessibility test conducted by the agency ALLES + JEDEN.<br \/>\n\u25cf Employees have been and continue to be made aware of and trained in the topic of digital accessibility.<br \/>\n\u25cf Accessibility requirements have been integrated into relevant internal processes (concepts, design, development, and others).<\/p>\n<p>&nbsp;<\/p>\n<p><strong>Details on accessibility<\/strong><\/p>\n<p><em>Fundamentals<\/em><br \/>\nYou can use the website without losing any information with assistive technologies.<br \/>\nThe website protects your privacy. This also applies to the accessibility functions. <\/p>\n<p><em>Vision<\/em><br \/>\nThe website works with impaired or no vision. It requires neither vision nor color recognition. There are also alternatives to the visual display.  <\/p>\n<p><em>Font, contrasts, spacing<\/em><br \/>\nThe font, font size and font shape have been chosen so that they are easy to read. Texts and visual content have easily recognizable contrasts. Texts are displayed with sufficient space between letters, lines and paragraphs.<br \/>\nThe display on the website is customizable. You can use the settings in your browser and\/or operating system to do this. <\/p>\n<p><em>Alternatives to colour references<\/em><br \/>\nThere are alternatives for color cues that are color-independent. For example, the website displays the status not only visually, but also with text. The same applies to warnings and delivery information.  <\/p>\n<p><em>Alternatives for non-text content<\/em><br \/>\nFor content that does not consist of text, there are alternatives that do not require vision. For example, the website offers alternative texts for photos, symbols and graphics. Videos contain an audio track that describes important visual content (audio description).  <\/p>\n<p><em>Magnification<\/em><br \/>\nYou can enlarge the display of the content. You can use the settings in your browser and\/or operating system to do this. <\/p>\n<p><em>Operable with keyboard<\/em><br \/>\nYou can use and control the website with an external keyboard. This works for all areas and functions. Navigation takes place in a sensible order.<br \/>\nWhen you select interactive elements, such as links or buttons, using the keyboard, they are clearly highlighted visually (focus indicator).<\/p>\n<p><em>Support for non-visual output via screen reader\/Braille display<\/em><br \/>\nYou can operate and output all areas, content and functions of the app using the screen reader installed on your operating system. This is done either via an acoustic output or tactilely via an externally connected Braille display. <\/p>\n<p><em>Headings and captions<\/em><br \/>\nThe website contains meaningful and sensibly structured headings and labels.<\/p>\n<p><em>Links<\/em><br \/>\nLinks are clearly visible and labelled with meaningful descriptions.<\/p>\n<p><em>Audio<\/em><br \/>\nThe website works for people with impaired or no hearing. It does not require hearing ability. There are also alternatives for auditory content.  <\/p>\n<p><em>Alternatives for auditory content<\/em><br \/>\nThere are alternatives for audio output that do not require hearing ability. For example, automatically generated subtitles for videos. <\/p>\n<p><em>Mobility, range, power<\/em><br \/>\nThe website works with limited mobility. This also applies if you have difficulty reaching things or exerting force. You do not need these abilities to use the website.  <\/p>\n<p><em>Clickable areas<\/em><br \/>\nClick areas for interactive elements, such as links or buttons, are large and designed with sufficient spacing. This makes them easy to reach and use. <\/p>\n<p><em>Screen orientation<\/em><br \/>\nThe website works with different orientations. You can align your screen both horizontally and vertically. The display of areas, content and functions adapts automatically.  <\/p>\n<p><em>No complex or simultaneous movements<\/em><br \/>\nThe website functions without complex, path-based or simultaneous movements.<\/p>\n<p><em>Speech<\/em><br \/>\nThe website works with limited or no speech. It does not require the ability to speak. <\/p>\n<p><em>Cognitive, psychological, neurological, neurodivergent<\/em><br \/>\nYou can use the website with limited or alternative cognitive, psychological or neurological abilities. This also applies if you identify as neurodivergent. <\/p>\n<p><em>Clear structures<\/em><br \/>\nThe website has a clear structure.<\/p>\n<p><em>Comprehensible texts<\/em><br \/>\nThe texts on the website are written in a way that is easy to understand.<\/p>\n<p><em>Help with filling in forms<\/em><br \/>\nFor frequently used fields, you can use the browser and\/or operating system fill-in help. For example, for address or contact details. <\/p>\n<p><em>Avoid mistakes<\/em><br \/>\nThe website has been designed to help you avoid mistakes.<\/p>\n<p><em>Correct errors<\/em><br \/>\nThe website assists you in correcting errors.<\/p>\n<p><em>Light\/flash effects<\/em><br \/>\nThe website does not contain any light or flash effects that could trigger photosensitive seizures.<\/p>\n<p>&nbsp;<\/p>\n<p><strong>Feedback on accessibility<\/strong><br \/>\nIf you notice any barriers on this website or have any comments on accessibility, please contact us. We welcome your feedback so that we can continue to improve our services. <\/p>\n<p>&nbsp;<\/p>\n<p><strong>Contact for accessibility issues<\/strong><br \/>\nGBG Group corporate communications<br \/>\nunternehmenskommunikation@gbg-unternehmensgruppe.de<br \/>\nLeoniweg 2<br \/>\n68167 Mannheim<\/p>\n<p>We endeavour to review your comments promptly and respond to you within a reasonable period of time.<\/p>\n<p>&nbsp;<\/p>\n<p><strong>Competent supervisory authority<\/strong><br \/>\nThe &#8220;Markt\u00fcberwachungsstelle der L\u00e4nder f\u00fcr die Barrierefreiheit von Produkten und Dienstleistungen (MLBF A \u00f6 R)&#8221; is responsible for checking compliance with accessibility requirements and has the following contact details:<\/p>\n<p>Markt\u00fcberwachungsstelle der L\u00e4nder f\u00fcr die Barrierefreiheit von Produkten und Dienstleistungen (MLBF A \u00f6 R)<br \/>\nCarl-Miller-Str. 6<br \/>\n39112 Magdeburg<\/p>\n<p>Phone: +49 391 56 76 97 0<br \/>\nE-mail: <a href=\"mailto:kontakt@mlbf-barrierefrei.de\">kontakt(at)mlbf-barrierefrei.de<\/a><\/p>\n<p>This declaration was prepared on November 11, 2025 and updated on February 19, 2026.[\/vc_column_text][\/vc_column][\/vc_row][\/vc_section]<\/p>\n<\/div>","protected":false},"excerpt":{"rendered":"<p>[vc_section][vc_row el_class=&#8221;grid&#8221;][vc_column][vc_column_text css=&#8221;&#8221; el_class=&#8221;meta-texte&#8221;] Accessibility information This information applies to the website of GBG Unternehmensgruppe GmbH, in the state in which it will be marketed from 28 June 2025. The website can be accessed at the following domain: e-franklin.de General description of the service The website provides information about the E building on the site [&hellip;]<\/p>\n","protected":false},"author":6,"featured_media":0,"parent":0,"menu_order":0,"comment_status":"closed","ping_status":"closed","template":"","meta":{"_acf_changed":false,"inline_featured_image":false,"footnotes":""},"class_list":["post-2178","page","type-page","status-publish","hentry"],"acf":[],"yoast_head":"<!-- This site is optimized with the Yoast SEO plugin v27.4 - https:\/\/yoast.com\/product\/yoast-seo-wordpress\/ -->\n<title>Accessibility - E FRANKLIN \/ Living in Mannheim<\/title>\n<meta name=\"robots\" content=\"index, follow, max-snippet:-1, max-image-preview:large, max-video-preview:-1\" \/>\n<link rel=\"canonical\" href=\"https:\/\/www.e-franklin.de\/en\/imprint-2\/\" \/>\n<meta property=\"og:locale\" content=\"en_US\" \/>\n<meta property=\"og:type\" content=\"article\" \/>\n<meta property=\"og:title\" content=\"Accessibility - E FRANKLIN \/ Living in Mannheim\" \/>\n<meta property=\"og:description\" content=\"[vc_section][vc_row el_class=&#8221;grid&#8221;][vc_column][vc_column_text css=&#8221;&#8221; el_class=&#8221;meta-texte&#8221;] Accessibility information This information applies to the website of GBG Unternehmensgruppe GmbH, in the state in which it will be marketed from 28 June 2025. The website can be accessed at the following domain: e-franklin.de General description of the service The website provides information about the E building on the site [&hellip;]\" \/>\n<meta property=\"og:url\" content=\"https:\/\/www.e-franklin.de\/en\/imprint-2\/\" \/>\n<meta property=\"og:site_name\" content=\"E FRANKLIN \/ Living in Mannheim\" \/>\n<meta property=\"article:modified_time\" content=\"2026-02-19T12:30:02+00:00\" \/>\n<meta name=\"twitter:card\" content=\"summary_large_image\" \/>\n<meta name=\"twitter:label1\" content=\"Est. reading time\" \/>\n\t<meta name=\"twitter:data1\" content=\"6 minutes\" \/>\n<script type=\"application\/ld+json\" class=\"yoast-schema-graph\">{\"@context\":\"https:\\\/\\\/schema.org\",\"@graph\":[{\"@type\":\"WebPage\",\"@id\":\"https:\\\/\\\/www.e-franklin.de\\\/en\\\/imprint-2\\\/\",\"url\":\"https:\\\/\\\/www.e-franklin.de\\\/en\\\/imprint-2\\\/\",\"name\":\"Accessibility - E FRANKLIN \\\/ Living in Mannheim\",\"isPartOf\":{\"@id\":\"https:\\\/\\\/www.e-franklin.de\\\/en\\\/#website\"},\"datePublished\":\"2025-11-12T16:13:50+00:00\",\"dateModified\":\"2026-02-19T12:30:02+00:00\",\"breadcrumb\":{\"@id\":\"https:\\\/\\\/www.e-franklin.de\\\/en\\\/imprint-2\\\/#breadcrumb\"},\"inLanguage\":\"en-US\",\"potentialAction\":[{\"@type\":\"ReadAction\",\"target\":[\"https:\\\/\\\/www.e-franklin.de\\\/en\\\/imprint-2\\\/\"]}]},{\"@type\":\"BreadcrumbList\",\"@id\":\"https:\\\/\\\/www.e-franklin.de\\\/en\\\/imprint-2\\\/#breadcrumb\",\"itemListElement\":[{\"@type\":\"ListItem\",\"position\":1,\"name\":\"Homepage\",\"item\":\"https:\\\/\\\/www.e-franklin.de\\\/en\\\/startpage-2026\\\/\"},{\"@type\":\"ListItem\",\"position\":2,\"name\":\"Accessibility\"}]},{\"@type\":\"WebSite\",\"@id\":\"https:\\\/\\\/www.e-franklin.de\\\/en\\\/#website\",\"url\":\"https:\\\/\\\/www.e-franklin.de\\\/en\\\/\",\"name\":\"E FRANKLIN \\\/ Wohnen in Mannheim\",\"description\":\"A modern retreat in the heart of Franklin.\",\"publisher\":{\"@id\":\"https:\\\/\\\/www.e-franklin.de\\\/en\\\/#organization\"},\"potentialAction\":[{\"@type\":\"SearchAction\",\"target\":{\"@type\":\"EntryPoint\",\"urlTemplate\":\"https:\\\/\\\/www.e-franklin.de\\\/en\\\/?s={search_term_string}\"},\"query-input\":{\"@type\":\"PropertyValueSpecification\",\"valueRequired\":true,\"valueName\":\"search_term_string\"}}],\"inLanguage\":\"en-US\"},{\"@type\":\"Organization\",\"@id\":\"https:\\\/\\\/www.e-franklin.de\\\/en\\\/#organization\",\"name\":\"GBG Unternehmensgruppe GmbH\",\"url\":\"https:\\\/\\\/www.e-franklin.de\\\/en\\\/\",\"logo\":{\"@type\":\"ImageObject\",\"inLanguage\":\"en-US\",\"@id\":\"https:\\\/\\\/www.e-franklin.de\\\/en\\\/#\\\/schema\\\/logo\\\/image\\\/\",\"url\":\"https:\\\/\\\/www.e-franklin.de\\\/wp-content\\\/uploads\\\/efranklin-logo.svg\",\"contentUrl\":\"https:\\\/\\\/www.e-franklin.de\\\/wp-content\\\/uploads\\\/efranklin-logo.svg\",\"width\":\"1024\",\"height\":\"1024\",\"caption\":\"GBG Unternehmensgruppe GmbH\"},\"image\":{\"@id\":\"https:\\\/\\\/www.e-franklin.de\\\/en\\\/#\\\/schema\\\/logo\\\/image\\\/\"}}]}<\/script>\n<!-- \/ Yoast SEO plugin. -->","yoast_head_json":{"title":"Accessibility - E FRANKLIN \/ Living in Mannheim","robots":{"index":"index","follow":"follow","max-snippet":"max-snippet:-1","max-image-preview":"max-image-preview:large","max-video-preview":"max-video-preview:-1"},"canonical":"https:\/\/www.e-franklin.de\/en\/imprint-2\/","og_locale":"en_US","og_type":"article","og_title":"Accessibility - E FRANKLIN \/ Living in Mannheim","og_description":"[vc_section][vc_row el_class=&#8221;grid&#8221;][vc_column][vc_column_text css=&#8221;&#8221; el_class=&#8221;meta-texte&#8221;] Accessibility information This information applies to the website of GBG Unternehmensgruppe GmbH, in the state in which it will be marketed from 28 June 2025. The website can be accessed at the following domain: e-franklin.de General description of the service The website provides information about the E building on the site [&hellip;]","og_url":"https:\/\/www.e-franklin.de\/en\/imprint-2\/","og_site_name":"E FRANKLIN \/ Living in Mannheim","article_modified_time":"2026-02-19T12:30:02+00:00","twitter_card":"summary_large_image","twitter_misc":{"Est. reading time":"6 minutes"},"schema":{"@context":"https:\/\/schema.org","@graph":[{"@type":"WebPage","@id":"https:\/\/www.e-franklin.de\/en\/imprint-2\/","url":"https:\/\/www.e-franklin.de\/en\/imprint-2\/","name":"Accessibility - E FRANKLIN \/ Living in Mannheim","isPartOf":{"@id":"https:\/\/www.e-franklin.de\/en\/#website"},"datePublished":"2025-11-12T16:13:50+00:00","dateModified":"2026-02-19T12:30:02+00:00","breadcrumb":{"@id":"https:\/\/www.e-franklin.de\/en\/imprint-2\/#breadcrumb"},"inLanguage":"en-US","potentialAction":[{"@type":"ReadAction","target":["https:\/\/www.e-franklin.de\/en\/imprint-2\/"]}]},{"@type":"BreadcrumbList","@id":"https:\/\/www.e-franklin.de\/en\/imprint-2\/#breadcrumb","itemListElement":[{"@type":"ListItem","position":1,"name":"Homepage","item":"https:\/\/www.e-franklin.de\/en\/startpage-2026\/"},{"@type":"ListItem","position":2,"name":"Accessibility"}]},{"@type":"WebSite","@id":"https:\/\/www.e-franklin.de\/en\/#website","url":"https:\/\/www.e-franklin.de\/en\/","name":"E FRANKLIN \/ Wohnen in Mannheim","description":"A modern retreat in the heart of Franklin.","publisher":{"@id":"https:\/\/www.e-franklin.de\/en\/#organization"},"potentialAction":[{"@type":"SearchAction","target":{"@type":"EntryPoint","urlTemplate":"https:\/\/www.e-franklin.de\/en\/?s={search_term_string}"},"query-input":{"@type":"PropertyValueSpecification","valueRequired":true,"valueName":"search_term_string"}}],"inLanguage":"en-US"},{"@type":"Organization","@id":"https:\/\/www.e-franklin.de\/en\/#organization","name":"GBG Unternehmensgruppe GmbH","url":"https:\/\/www.e-franklin.de\/en\/","logo":{"@type":"ImageObject","inLanguage":"en-US","@id":"https:\/\/www.e-franklin.de\/en\/#\/schema\/logo\/image\/","url":"https:\/\/www.e-franklin.de\/wp-content\/uploads\/efranklin-logo.svg","contentUrl":"https:\/\/www.e-franklin.de\/wp-content\/uploads\/efranklin-logo.svg","width":"1024","height":"1024","caption":"GBG Unternehmensgruppe GmbH"},"image":{"@id":"https:\/\/www.e-franklin.de\/en\/#\/schema\/logo\/image\/"}}]}},"_links":{"self":[{"href":"https:\/\/www.e-franklin.de\/en\/wp-json\/wp\/v2\/pages\/2178","targetHints":{"allow":["GET"]}}],"collection":[{"href":"https:\/\/www.e-franklin.de\/en\/wp-json\/wp\/v2\/pages"}],"about":[{"href":"https:\/\/www.e-franklin.de\/en\/wp-json\/wp\/v2\/types\/page"}],"author":[{"embeddable":true,"href":"https:\/\/www.e-franklin.de\/en\/wp-json\/wp\/v2\/users\/6"}],"replies":[{"embeddable":true,"href":"https:\/\/www.e-franklin.de\/en\/wp-json\/wp\/v2\/comments?post=2178"}],"version-history":[{"count":10,"href":"https:\/\/www.e-franklin.de\/en\/wp-json\/wp\/v2\/pages\/2178\/revisions"}],"predecessor-version":[{"id":2422,"href":"https:\/\/www.e-franklin.de\/en\/wp-json\/wp\/v2\/pages\/2178\/revisions\/2422"}],"wp:attachment":[{"href":"https:\/\/www.e-franklin.de\/en\/wp-json\/wp\/v2\/media?parent=2178"}],"curies":[{"name":"wp","href":"https:\/\/api.w.org\/{rel}","templated":true}]}}